{"id":4798,"date":"2025-03-08T00:55:06","date_gmt":"2025-03-07T22:55:06","guid":{"rendered":"https:\/\/health.gov.ua\/en\/?page_id=4798"},"modified":"2025-03-08T01:09:41","modified_gmt":"2025-03-07T23:09:41","slug":"04-07-03-2025-viii-international-symposium-education-and-health-of-the-younger-generation-was-held","status":"publish","type":"page","link":"https:\/\/health.gov.ua\/en\/events\/main-events-of-the-institute-2025\/04-07-03-2025-viii-international-symposium-education-and-health-of-the-younger-generation-was-held\/","title":{"rendered":"On March 4-7, 2025, the VIII International Symposium \u201cEducation and Health of the Younger Generation\u201d was held (date of publication on the website 07.03.2025)"},"content":{"rendered":"\n<h4 class=\"wp-block-heading has-text-align-center\">On March 4-7, 2025, the VIII International Symposium \u201cEducation and Health of the Younger Generation\u201d was held<\/h4>\n\n\n\n<p>Scientists of the State Institution \u00abMarzieiev Institute for Public Health of the National Academy of Medical Sciences of Ukraine\u00bb took part in the VIII International Symposium \u201cEducation and Health of the Younger Generation\u201d, which was held on March 04-07, 2025 in Kyiv.<\/p>\n\n\n\n<p>Interesting and informative reports on the topics of the symposium were prepared and presented:<\/p>\n\n\n\n<p>\u201cMENTAL HEALTH OF TEACHERS IN WARTIME: The Challenge of Today\u201d (Tetiana Stankevych, Svitlana Hozak and Olena Yelizarova);<\/p>\n\n\n\n<p><\/p>\n\n\n<div class=\"wp-block-image\">\n<figure class=\"aligncenter size-large is-resized\"><img loading=\"lazy\" decoding=\"async\" width=\"1024\" height=\"440\" src=\"https:\/\/health.gov.ua\/en\/wp-content\/uploads\/sites\/2\/2025\/03\/04-07-03-2025-viii-international-symposium-education-and-health-of-the-younger-generation-was-held-photo-1-1024x440.jpg\" alt=\"\" class=\"wp-image-4795\" style=\"width:850px\" srcset=\"https:\/\/health.gov.ua\/en\/wp-content\/uploads\/sites\/2\/2025\/03\/04-07-03-2025-viii-international-symposium-education-and-health-of-the-younger-generation-was-held-photo-1-1024x440.jpg 1024w, https:\/\/health.gov.ua\/en\/wp-content\/uploads\/sites\/2\/2025\/03\/04-07-03-2025-viii-international-symposium-education-and-health-of-the-younger-generation-was-held-photo-1-300x129.jpg 300w, https:\/\/health.gov.ua\/en\/wp-content\/uploads\/sites\/2\/2025\/03\/04-07-03-2025-viii-international-symposium-education-and-health-of-the-younger-generation-was-held-photo-1-768x330.jpg 768w, https:\/\/health.gov.ua\/en\/wp-content\/uploads\/sites\/2\/2025\/03\/04-07-03-2025-viii-international-symposium-education-and-health-of-the-younger-generation-was-held-photo-1.jpg 1491w\" sizes=\"auto, (max-width: 1024px) 100vw, 1024px\" \/><\/figure>\n<\/div>\n\n\n<p><\/p>\n\n\n\n<p>&#8220;STRATEGICZNE ZAGADNIENIE OCHRONY ZDROWIA DZIECI UCZ\u0104CYCH SI\u0118 W OBSZARACH PIERWSZEJ LINII POPRZEZ PROJEKTOWANIE I BUDOW\u0118 NOWYCH OBIEKT\u00d3W \u2013 SZKO\u0141Y PODZIEMNE (SZKO\u0141Y BUNKROWE)&#8221; (Valentyna Makhniuk, Natalia Pavlenko and Serhiy Mohylnyi).<\/p>\n\n\n\n<p><\/p>\n\n\n<div class=\"wp-block-image\">\n<figure class=\"aligncenter size-full is-resized\"><img loading=\"lazy\" decoding=\"async\" width=\"960\" height=\"551\" src=\"https:\/\/health.gov.ua\/en\/wp-content\/uploads\/sites\/2\/2025\/03\/04-07-03-2025-viii-international-symposium-education-and-health-of-the-younger-generation-was-held-photo-2.jpg\" alt=\"\" class=\"wp-image-4796\" style=\"width:850px\" srcset=\"https:\/\/health.gov.ua\/en\/wp-content\/uploads\/sites\/2\/2025\/03\/04-07-03-2025-viii-international-symposium-education-and-health-of-the-younger-generation-was-held-photo-2.jpg 960w, https:\/\/health.gov.ua\/en\/wp-content\/uploads\/sites\/2\/2025\/03\/04-07-03-2025-viii-international-symposium-education-and-health-of-the-younger-generation-was-held-photo-2-300x172.jpg 300w, https:\/\/health.gov.ua\/en\/wp-content\/uploads\/sites\/2\/2025\/03\/04-07-03-2025-viii-international-symposium-education-and-health-of-the-younger-generation-was-held-photo-2-768x441.jpg 768w\" sizes=\"auto, (max-width: 960px) 100vw, 960px\" \/><\/figure>\n<\/div>\n\n\n<p><\/p>\n\n\n\n<p>(date of publication on the website 07.03.2025)<\/p>\n","protected":false},"excerpt":{"rendered":"<p>On March 4-7, 2025, the VIII International Symposium \u201cEducation and Health of the Younger Generation\u201d was held Scientists of the State Institution \u00abMarzieiev Institute for Public Health of the National Academy of Medical Sciences of Ukraine\u00bb took part in the VIII International Symposium \u201cEducation and Health of the Younger Generation\u201d, which was held on March &#8230; <a title=\"On March 4-7, 2025, the VIII International Symposium \u201cEducation and Health of the Younger Generation\u201d was held (date of publication on the website 07.03.2025)\" class=\"read-more\" href=\"https:\/\/health.gov.ua\/en\/events\/main-events-of-the-institute-2025\/04-07-03-2025-viii-international-symposium-education-and-health-of-the-younger-generation-was-held\/\" aria-label=\"Read more about On March 4-7, 2025, the VIII International Symposium \u201cEducation and Health of the Younger Generation\u201d was held (date of publication on the website 07.03.2025)\">Read more<\/a><\/p>\n","protected":false},"author":1,"featured_media":0,"parent":4329,"menu_order":0,"comment_status":"closed","ping_status":"closed","template":"","meta":{"ep_exclude_from_search":false,"footnotes":""},"class_list":["post-4798","page","type-page","status-publish"],"yoast_head":"<!-- This site is optimized with the Yoast SEO plugin v27.4 - https:\/\/yoast.com\/product\/yoast-seo-wordpress\/ -->\n<title>On March 4-7, 2025, the VIII International Symposium \u201cEducation and Health of the Younger Generation\u201d was held (date of publication on the website 07.03.2025) - State Institution \u00abMarzieiev Institute for Public Health of the National Academy of Medical Sciences of Ukraine\u00bb<\/title>\n<meta name=\"description\" content=\"On March 4-7, 2025, the VIII International Symposium \u201cEducation and Health of the Younger Generation\u201d was held\" \/>\n<meta name=\"robots\" content=\"index, follow, max-snippet:-1, max-image-preview:large, max-video-preview:-1\" \/>\n<link rel=\"canonical\" href=\"https:\/\/health.gov.ua\/en\/events\/main-events-of-the-institute-2025\/04-07-03-2025-viii-international-symposium-education-and-health-of-the-younger-generation-was-held\/\" \/>\n<meta property=\"og:locale\" content=\"en_US\" \/>\n<meta property=\"og:type\" content=\"article\" \/>\n<meta property=\"og:title\" content=\"On March 4-7, 2025, the VIII International Symposium \u201cEducation and Health of the Younger Generation\u201d was held (date of publication on the website 07.03.2025) - State Institution \u00abMarzieiev Institute for Public Health of the National Academy of Medical Sciences of Ukraine\u00bb\" \/>\n<meta property=\"og:description\" content=\"On March 4-7, 2025, the VIII International Symposium \u201cEducation and Health of the Younger Generation\u201d was held\" \/>\n<meta property=\"og:url\" content=\"https:\/\/health.gov.ua\/en\/events\/main-events-of-the-institute-2025\/04-07-03-2025-viii-international-symposium-education-and-health-of-the-younger-generation-was-held\/\" \/>\n<meta property=\"og:site_name\" content=\"State Institution \u00abMarzieiev Institute for Public Health of the National Academy of Medical Sciences of Ukraine\u00bb\" \/>\n<meta property=\"article:publisher\" content=\"https:\/\/www.facebook.com\/Institute.for.Hygiene.and.Medical.Ecology\" \/>\n<meta property=\"article:modified_time\" content=\"2025-03-07T23:09:41+00:00\" \/>\n<meta property=\"og:image\" content=\"https:\/\/health.gov.ua\/en\/wp-content\/uploads\/sites\/2\/2025\/03\/04-07-03-2025-viii-international-symposium-education-and-health-of-the-younger-generation-was-held-photo-1.jpg\" \/>\n\t<meta property=\"og:image:width\" content=\"1491\" \/>\n\t<meta property=\"og:image:height\" content=\"640\" \/>\n\t<meta property=\"og:image:type\" content=\"image\/jpeg\" \/>\n<meta name=\"twitter:card\" content=\"summary_large_image\" \/>\n<meta name=\"twitter:label1\" content=\"Est. reading time\" \/>\n\t<meta name=\"twitter:data1\" content=\"1 minute\" \/>\n<script type=\"application\/ld+json\" class=\"yoast-schema-graph\">{\"@context\":\"https:\\\/\\\/schema.org\",\"@graph\":[{\"@type\":\"WebPage\",\"@id\":\"https:\\\/\\\/health.gov.ua\\\/en\\\/events\\\/main-events-of-the-institute-2025\\\/04-07-03-2025-viii-international-symposium-education-and-health-of-the-younger-generation-was-held\\\/\",\"url\":\"https:\\\/\\\/health.gov.ua\\\/en\\\/events\\\/main-events-of-the-institute-2025\\\/04-07-03-2025-viii-international-symposium-education-and-health-of-the-younger-generation-was-held\\\/\",\"name\":\"On March 4-7, 2025, the VIII International Symposium \u201cEducation and Health of the Younger Generation\u201d was held (date of publication on the website 07.03.2025) - State Institution \u00abMarzieiev Institute for Public Health of the National Academy of Medical Sciences of Ukraine\u00bb\",\"isPartOf\":{\"@id\":\"https:\\\/\\\/health.gov.ua\\\/en\\\/#website\"},\"primaryImageOfPage\":{\"@id\":\"https:\\\/\\\/health.gov.ua\\\/en\\\/events\\\/main-events-of-the-institute-2025\\\/04-07-03-2025-viii-international-symposium-education-and-health-of-the-younger-generation-was-held\\\/#primaryimage\"},\"image\":{\"@id\":\"https:\\\/\\\/health.gov.ua\\\/en\\\/events\\\/main-events-of-the-institute-2025\\\/04-07-03-2025-viii-international-symposium-education-and-health-of-the-younger-generation-was-held\\\/#primaryimage\"},\"thumbnailUrl\":\"https:\\\/\\\/health.gov.ua\\\/en\\\/wp-content\\\/uploads\\\/sites\\\/2\\\/2025\\\/03\\\/04-07-03-2025-viii-international-symposium-education-and-health-of-the-younger-generation-was-held-photo-1-1024x440.jpg\",\"datePublished\":\"2025-03-07T22:55:06+00:00\",\"dateModified\":\"2025-03-07T23:09:41+00:00\",\"description\":\"On March 4-7, 2025, the VIII International Symposium \u201cEducation and Health of the Younger Generation\u201d was held\",\"breadcrumb\":{\"@id\":\"https:\\\/\\\/health.gov.ua\\\/en\\\/events\\\/main-events-of-the-institute-2025\\\/04-07-03-2025-viii-international-symposium-education-and-health-of-the-younger-generation-was-held\\\/#breadcrumb\"},\"inLanguage\":\"en-US\",\"potentialAction\":[{\"@type\":\"ReadAction\",\"target\":[\"https:\\\/\\\/health.gov.ua\\\/en\\\/events\\\/main-events-of-the-institute-2025\\\/04-07-03-2025-viii-international-symposium-education-and-health-of-the-younger-generation-was-held\\\/\"]}]},{\"@type\":\"ImageObject\",\"inLanguage\":\"en-US\",\"@id\":\"https:\\\/\\\/health.gov.ua\\\/en\\\/events\\\/main-events-of-the-institute-2025\\\/04-07-03-2025-viii-international-symposium-education-and-health-of-the-younger-generation-was-held\\\/#primaryimage\",\"url\":\"https:\\\/\\\/health.gov.ua\\\/en\\\/wp-content\\\/uploads\\\/sites\\\/2\\\/2025\\\/03\\\/04-07-03-2025-viii-international-symposium-education-and-health-of-the-younger-generation-was-held-photo-1.jpg\",\"contentUrl\":\"https:\\\/\\\/health.gov.ua\\\/en\\\/wp-content\\\/uploads\\\/sites\\\/2\\\/2025\\\/03\\\/04-07-03-2025-viii-international-symposium-education-and-health-of-the-younger-generation-was-held-photo-1.jpg\",\"width\":1491,\"height\":640},{\"@type\":\"BreadcrumbList\",\"@id\":\"https:\\\/\\\/health.gov.ua\\\/en\\\/events\\\/main-events-of-the-institute-2025\\\/04-07-03-2025-viii-international-symposium-education-and-health-of-the-younger-generation-was-held\\\/#breadcrumb\",\"itemListElement\":[{\"@type\":\"ListItem\",\"position\":1,\"name\":\"Main\",\"item\":\"https:\\\/\\\/health.gov.ua\\\/en\\\/\"},{\"@type\":\"ListItem\",\"position\":2,\"name\":\"Events\",\"item\":\"https:\\\/\\\/health.gov.ua\\\/en\\\/events\\\/\"},{\"@type\":\"ListItem\",\"position\":3,\"name\":\"News, Events, and Announces of the Institute &#8211; 2025\",\"item\":\"https:\\\/\\\/health.gov.ua\\\/en\\\/events\\\/main-events-of-the-institute-2025\\\/\"},{\"@type\":\"ListItem\",\"position\":4,\"name\":\"On March 4-7, 2025, the VIII International Symposium \u201cEducation and Health of the Younger Generation\u201d was held (date of publication on the website 07.03.2025)\"}]},{\"@type\":\"WebSite\",\"@id\":\"https:\\\/\\\/health.gov.ua\\\/en\\\/#website\",\"url\":\"https:\\\/\\\/health.gov.ua\\\/en\\\/\",\"name\":\"State Institution \u00abMarzieiev Institute for Public Health of the National Academy of Medical Sciences of Ukraine\u00bb\",\"description\":\"postgrad postdoc Specialty 229 Public Health 222 Medicine We carry out the hygienic regulation of dangerous factors We carry out state sanitary-epidemiological expertise\",\"publisher\":{\"@id\":\"https:\\\/\\\/health.gov.ua\\\/en\\\/#organization\"},\"potentialAction\":[{\"@type\":\"SearchAction\",\"target\":{\"@type\":\"EntryPoint\",\"urlTemplate\":\"https:\\\/\\\/health.gov.ua\\\/en\\\/?s={search_term_string}\"},\"query-input\":{\"@type\":\"PropertyValueSpecification\",\"valueRequired\":true,\"valueName\":\"search_term_string\"}}],\"inLanguage\":\"en-US\"},{\"@type\":\"Organization\",\"@id\":\"https:\\\/\\\/health.gov.ua\\\/en\\\/#organization\",\"name\":\"State Institution \u00abMarzieiev Institute for Public Health of the National Academy of Medical Sciences of Ukraine\u00bb\",\"url\":\"https:\\\/\\\/health.gov.ua\\\/en\\\/\",\"logo\":{\"@type\":\"ImageObject\",\"inLanguage\":\"en-US\",\"@id\":\"https:\\\/\\\/health.gov.ua\\\/en\\\/#\\\/schema\\\/logo\\\/image\\\/\",\"url\":\"https:\\\/\\\/health.gov.ua\\\/en\\\/wp-content\\\/uploads\\\/sites\\\/2\\\/2024\\\/03\\\/main_page_wide_2024_EN.svg\",\"contentUrl\":\"https:\\\/\\\/health.gov.ua\\\/en\\\/wp-content\\\/uploads\\\/sites\\\/2\\\/2024\\\/03\\\/main_page_wide_2024_EN.svg\",\"width\":1,\"height\":1,\"caption\":\"State Institution \u00abMarzieiev Institute for Public Health of the National Academy of Medical Sciences of Ukraine\u00bb\"},\"image\":{\"@id\":\"https:\\\/\\\/health.gov.ua\\\/en\\\/#\\\/schema\\\/logo\\\/image\\\/\"},\"sameAs\":[\"https:\\\/\\\/www.facebook.com\\\/Institute.for.Hygiene.and.Medical.Ecology\"]}]}<\/script>\n<!-- \/ Yoast SEO plugin. -->","yoast_head_json":{"title":"On March 4-7, 2025, the VIII International Symposium \u201cEducation and Health of the Younger Generation\u201d was held (date of publication on the website 07.03.2025) - State Institution \u00abMarzieiev Institute for Public Health of the National Academy of Medical Sciences of Ukraine\u00bb","description":"On March 4-7, 2025, the VIII International Symposium \u201cEducation and Health of the Younger Generation\u201d was held","robots":{"index":"index","follow":"follow","max-snippet":"max-snippet:-1","max-image-preview":"max-image-preview:large","max-video-preview":"max-video-preview:-1"},"canonical":"https:\/\/health.gov.ua\/en\/events\/main-events-of-the-institute-2025\/04-07-03-2025-viii-international-symposium-education-and-health-of-the-younger-generation-was-held\/","og_locale":"en_US","og_type":"article","og_title":"On March 4-7, 2025, the VIII International Symposium \u201cEducation and Health of the Younger Generation\u201d was held (date of publication on the website 07.03.2025) - State Institution \u00abMarzieiev Institute for Public Health of the National Academy of Medical Sciences of Ukraine\u00bb","og_description":"On March 4-7, 2025, the VIII International Symposium \u201cEducation and Health of the Younger Generation\u201d was held","og_url":"https:\/\/health.gov.ua\/en\/events\/main-events-of-the-institute-2025\/04-07-03-2025-viii-international-symposium-education-and-health-of-the-younger-generation-was-held\/","og_site_name":"State Institution \u00abMarzieiev Institute for Public Health of the National Academy of Medical Sciences of Ukraine\u00bb","article_publisher":"https:\/\/www.facebook.com\/Institute.for.Hygiene.and.Medical.Ecology","article_modified_time":"2025-03-07T23:09:41+00:00","og_image":[{"width":1491,"height":640,"url":"https:\/\/health.gov.ua\/en\/wp-content\/uploads\/sites\/2\/2025\/03\/04-07-03-2025-viii-international-symposium-education-and-health-of-the-younger-generation-was-held-photo-1.jpg","type":"image\/jpeg"}],"twitter_card":"summary_large_image","twitter_misc":{"Est. reading time":"1 minute"},"schema":{"@context":"https:\/\/schema.org","@graph":[{"@type":"WebPage","@id":"https:\/\/health.gov.ua\/en\/events\/main-events-of-the-institute-2025\/04-07-03-2025-viii-international-symposium-education-and-health-of-the-younger-generation-was-held\/","url":"https:\/\/health.gov.ua\/en\/events\/main-events-of-the-institute-2025\/04-07-03-2025-viii-international-symposium-education-and-health-of-the-younger-generation-was-held\/","name":"On March 4-7, 2025, the VIII International Symposium \u201cEducation and Health of the Younger Generation\u201d was held (date of publication on the website 07.03.2025) - State Institution \u00abMarzieiev Institute for Public Health of the National Academy of Medical Sciences of Ukraine\u00bb","isPartOf":{"@id":"https:\/\/health.gov.ua\/en\/#website"},"primaryImageOfPage":{"@id":"https:\/\/health.gov.ua\/en\/events\/main-events-of-the-institute-2025\/04-07-03-2025-viii-international-symposium-education-and-health-of-the-younger-generation-was-held\/#primaryimage"},"image":{"@id":"https:\/\/health.gov.ua\/en\/events\/main-events-of-the-institute-2025\/04-07-03-2025-viii-international-symposium-education-and-health-of-the-younger-generation-was-held\/#primaryimage"},"thumbnailUrl":"https:\/\/health.gov.ua\/en\/wp-content\/uploads\/sites\/2\/2025\/03\/04-07-03-2025-viii-international-symposium-education-and-health-of-the-younger-generation-was-held-photo-1-1024x440.jpg","datePublished":"2025-03-07T22:55:06+00:00","dateModified":"2025-03-07T23:09:41+00:00","description":"On March 4-7, 2025, the VIII International Symposium \u201cEducation and Health of the Younger Generation\u201d was held","breadcrumb":{"@id":"https:\/\/health.gov.ua\/en\/events\/main-events-of-the-institute-2025\/04-07-03-2025-viii-international-symposium-education-and-health-of-the-younger-generation-was-held\/#breadcrumb"},"inLanguage":"en-US","potentialAction":[{"@type":"ReadAction","target":["https:\/\/health.gov.ua\/en\/events\/main-events-of-the-institute-2025\/04-07-03-2025-viii-international-symposium-education-and-health-of-the-younger-generation-was-held\/"]}]},{"@type":"ImageObject","inLanguage":"en-US","@id":"https:\/\/health.gov.ua\/en\/events\/main-events-of-the-institute-2025\/04-07-03-2025-viii-international-symposium-education-and-health-of-the-younger-generation-was-held\/#primaryimage","url":"https:\/\/health.gov.ua\/en\/wp-content\/uploads\/sites\/2\/2025\/03\/04-07-03-2025-viii-international-symposium-education-and-health-of-the-younger-generation-was-held-photo-1.jpg","contentUrl":"https:\/\/health.gov.ua\/en\/wp-content\/uploads\/sites\/2\/2025\/03\/04-07-03-2025-viii-international-symposium-education-and-health-of-the-younger-generation-was-held-photo-1.jpg","width":1491,"height":640},{"@type":"BreadcrumbList","@id":"https:\/\/health.gov.ua\/en\/events\/main-events-of-the-institute-2025\/04-07-03-2025-viii-international-symposium-education-and-health-of-the-younger-generation-was-held\/#breadcrumb","itemListElement":[{"@type":"ListItem","position":1,"name":"Main","item":"https:\/\/health.gov.ua\/en\/"},{"@type":"ListItem","position":2,"name":"Events","item":"https:\/\/health.gov.ua\/en\/events\/"},{"@type":"ListItem","position":3,"name":"News, Events, and Announces of the Institute &#8211; 2025","item":"https:\/\/health.gov.ua\/en\/events\/main-events-of-the-institute-2025\/"},{"@type":"ListItem","position":4,"name":"On March 4-7, 2025, the VIII International Symposium \u201cEducation and Health of the Younger Generation\u201d was held (date of publication on the website 07.03.2025)"}]},{"@type":"WebSite","@id":"https:\/\/health.gov.ua\/en\/#website","url":"https:\/\/health.gov.ua\/en\/","name":"State Institution \u00abMarzieiev Institute for Public Health of the National Academy of Medical Sciences of Ukraine\u00bb","description":"postgrad postdoc Specialty 229 Public Health 222 Medicine We carry out the hygienic regulation of dangerous factors We carry out state sanitary-epidemiological expertise","publisher":{"@id":"https:\/\/health.gov.ua\/en\/#organization"},"potentialAction":[{"@type":"SearchAction","target":{"@type":"EntryPoint","urlTemplate":"https:\/\/health.gov.ua\/en\/?s={search_term_string}"},"query-input":{"@type":"PropertyValueSpecification","valueRequired":true,"valueName":"search_term_string"}}],"inLanguage":"en-US"},{"@type":"Organization","@id":"https:\/\/health.gov.ua\/en\/#organization","name":"State Institution \u00abMarzieiev Institute for Public Health of the National Academy of Medical Sciences of Ukraine\u00bb","url":"https:\/\/health.gov.ua\/en\/","logo":{"@type":"ImageObject","inLanguage":"en-US","@id":"https:\/\/health.gov.ua\/en\/#\/schema\/logo\/image\/","url":"https:\/\/health.gov.ua\/en\/wp-content\/uploads\/sites\/2\/2024\/03\/main_page_wide_2024_EN.svg","contentUrl":"https:\/\/health.gov.ua\/en\/wp-content\/uploads\/sites\/2\/2024\/03\/main_page_wide_2024_EN.svg","width":1,"height":1,"caption":"State Institution \u00abMarzieiev Institute for Public Health of the National Academy of Medical Sciences of Ukraine\u00bb"},"image":{"@id":"https:\/\/health.gov.ua\/en\/#\/schema\/logo\/image\/"},"sameAs":["https:\/\/www.facebook.com\/Institute.for.Hygiene.and.Medical.Ecology"]}]}},"_links":{"self":[{"href":"https:\/\/health.gov.ua\/en\/wp-json\/wp\/v2\/pages\/4798","targetHints":{"allow":["GET"]}}],"collection":[{"href":"https:\/\/health.gov.ua\/en\/wp-json\/wp\/v2\/pages"}],"about":[{"href":"https:\/\/health.gov.ua\/en\/wp-json\/wp\/v2\/types\/page"}],"author":[{"embeddable":true,"href":"https:\/\/health.gov.ua\/en\/wp-json\/wp\/v2\/users\/1"}],"replies":[{"embeddable":true,"href":"https:\/\/health.gov.ua\/en\/wp-json\/wp\/v2\/comments?post=4798"}],"version-history":[{"count":2,"href":"https:\/\/health.gov.ua\/en\/wp-json\/wp\/v2\/pages\/4798\/revisions"}],"predecessor-version":[{"id":4801,"href":"https:\/\/health.gov.ua\/en\/wp-json\/wp\/v2\/pages\/4798\/revisions\/4801"}],"up":[{"embeddable":true,"href":"https:\/\/health.gov.ua\/en\/wp-json\/wp\/v2\/pages\/4329"}],"wp:attachment":[{"href":"https:\/\/health.gov.ua\/en\/wp-json\/wp\/v2\/media?parent=4798"}],"curies":[{"name":"wp","href":"https:\/\/api.w.org\/{rel}","templated":true}]}}